{"id":2009,"date":"2022-10-26T19:39:31","date_gmt":"2022-10-26T19:39:31","guid":{"rendered":"https:\/\/tinkavalerie-styling.com\/om-mig"},"modified":"2026-01-14T11:29:52","modified_gmt":"2026-01-14T11:29:52","slug":"om-mig","status":"publish","type":"page","link":"https:\/\/tinkavalerie-styling.com\/da\/om-mig","title":{"rendered":"Om mig"},"content":{"rendered":"\t\t<div data-elementor-type=\"wp-page\" data-elementor-id=\"2009\" class=\"elementor elementor-2009 elementor-168\" data-elementor-post-type=\"page\">\n\t\t\t\t\t\t<section class=\"elementor-section elementor-top-section elementor-element elementor-element-b021d09 elementor-section-boxed elementor-section-height-default elementor-section-height-default\" data-id=\"b021d09\" data-element_type=\"section\" data-e-type=\"section\">\n\t\t\t\t\t\t<div class=\"elementor-container elementor-column-gap-default\">\n\t\t\t\t\t<div class=\"elementor-column elementor-col-50 elementor-top-column elementor-element elementor-element-5b9951e\" data-id=\"5b9951e\" data-element_type=\"column\" data-e-type=\"column\">\n\t\t\t<div class=\"elementor-widget-wrap elementor-element-populated\">\n\t\t\t\t\t\t<div class=\"elementor-element elementor-element-64b8d0c elementor-widget elementor-widget-heading\" data-id=\"64b8d0c\" data-element_type=\"widget\" data-e-type=\"widget\" data-widget_type=\"heading.default\">\n\t\t\t\t<div class=\"elementor-widget-container\">\n\t\t\t\t\t<h1 class=\"elementor-heading-title elementor-size-default\">Livet <br>som <br>Stylist<\/h1>\t\t\t\t<\/div>\n\t\t\t\t<\/div>\n\t\t\t\t<div class=\"elementor-element elementor-element-f14a407 elementor-widget elementor-widget-text-editor\" data-id=\"f14a407\" data-element_type=\"widget\" data-e-type=\"widget\" data-widget_type=\"text-editor.default\">\n\t\t\t\t<div class=\"elementor-widget-container\">\n\t\t\t\t\t\t\t\t\t<p class=\"p1\">Efter min <b>modeeksamen<\/b> og et stylistdiplom startede min rejse inden for kostumer rundt om i verden. Anerkendte teater-&amp; <span style=\"color: var( --e-global-color-text );\">&nbsp;Showproduktioner, <b>kendte film- og tv-formater<\/b> samt fashion editorials til <b>internationale modemagasiner<\/b> var stationer p\u00e5 min vej. Indtil jeg blev trukket til millionbyen New York City, min nok st\u00f8rste inspiration <\/span><span style=\"color: var( --e-global-color-text );\">kilde.&nbsp;<\/span><span style=\"color: var( --e-global-color-text );\">Tilbage i Tyskland vil jeg som <b>personlig stylist<\/b> nu give videre, hvad jeg har l\u00e6rt i de mange \u00e5r af mit mangefacetterede arbejde: Mode kan v\u00e6re s\u00e5 meget mere end bare at se godt ud! Det formidler holdning og en livsstil. Mode er en personlig signatur. Jeg ser det som en kunst at udleve min kreativitet i styling og at ledsage folk i at finde deres style-DNA, skabe deres eget look og f\u00f8le sig godt tilpas i det.   <\/span><\/p>\t\t\t\t\t\t\t\t<\/div>\n\t\t\t\t<\/div>\n\t\t\t\t\t<\/div>\n\t\t<\/div>\n\t\t\t\t<div class=\"elementor-column elementor-col-50 elementor-top-column elementor-element elementor-element-937ceac\" data-id=\"937ceac\" data-element_type=\"column\" data-e-type=\"column\">\n\t\t\t<div class=\"elementor-widget-wrap elementor-element-populated\">\n\t\t\t\t\t\t<div class=\"elementor-element elementor-element-b336eb2 elementor-widget elementor-widget-image\" data-id=\"b336eb2\" data-element_type=\"widget\" data-e-type=\"widget\" data-widget_type=\"image.default\">\n\t\t\t\t<div class=\"elementor-widget-container\">\n\t\t\t\t\t\t\t\t\t\t\t\t\t\t\t<img fetchpriority=\"high\" decoding=\"async\" width=\"683\" height=\"1024\" src=\"https:\/\/tinkavalerie-styling.com\/wp-content\/uploads\/2024\/01\/220730_Tinka_01_261_-683x1024.webp\" class=\"attachment-large size-large wp-image-2011\" alt=\"Tinka Valerie, stilkonsulent fra Tyskland\" srcset=\"https:\/\/tinkavalerie-styling.com\/wp-content\/uploads\/2024\/01\/220730_Tinka_01_261_-683x1024.webp 683w, https:\/\/tinkavalerie-styling.com\/wp-content\/uploads\/2024\/01\/220730_Tinka_01_261_-200x300.webp 200w, https:\/\/tinkavalerie-styling.com\/wp-content\/uploads\/2024\/01\/220730_Tinka_01_261_-768x1152.webp 768w, https:\/\/tinkavalerie-styling.com\/wp-content\/uploads\/2024\/01\/220730_Tinka_01_261_-1024x1536.webp 1024w, https:\/\/tinkavalerie-styling.com\/wp-content\/uploads\/2024\/01\/220730_Tinka_01_261_-jpg.webp 1365w\" sizes=\"(max-width: 683px) 100vw, 683px\" \/>\t\t\t\t\t\t\t\t\t\t\t\t\t\t\t<\/div>\n\t\t\t\t<\/div>\n\t\t\t\t\t<\/div>\n\t\t<\/div>\n\t\t\t\t\t<\/div>\n\t\t<\/section>\n\t\t\t\t<section class=\"elementor-section elementor-top-section elementor-element elementor-element-b122282 elementor-section-boxed elementor-section-height-default elementor-section-height-default\" data-id=\"b122282\" data-element_type=\"section\" data-e-type=\"section\">\n\t\t\t\t\t\t<div class=\"elementor-container elementor-column-gap-default\">\n\t\t\t\t\t<div class=\"elementor-column elementor-col-50 elementor-top-column elementor-element elementor-element-658dd5f\" data-id=\"658dd5f\" data-element_type=\"column\" data-e-type=\"column\">\n\t\t\t<div class=\"elementor-widget-wrap elementor-element-populated\">\n\t\t\t\t\t\t\t<\/div>\n\t\t<\/div>\n\t\t\t\t<div class=\"elementor-column elementor-col-50 elementor-top-column elementor-element elementor-element-f58fbcf\" data-id=\"f58fbcf\" data-element_type=\"column\" data-e-type=\"column\">\n\t\t\t<div class=\"elementor-widget-wrap elementor-element-populated\">\n\t\t\t\t\t\t<div class=\"elementor-element elementor-element-cffba28 elementor-widget elementor-widget-heading\" data-id=\"cffba28\" data-element_type=\"widget\" data-e-type=\"widget\" data-widget_type=\"heading.default\">\n\t\t\t\t<div class=\"elementor-widget-container\">\n\t\t\t\t\t<h6 class=\"elementor-heading-title elementor-size-default\">&lt;&lt; Mode &amp; f\u00f8lelsen bag det - det har det altid v\u00e6ret. &gt;&gt;<\/h6>\t\t\t\t<\/div>\n\t\t\t\t<\/div>\n\t\t\t\t\t<\/div>\n\t\t<\/div>\n\t\t\t\t\t<\/div>\n\t\t<\/section>\n\t\t\t\t<\/div>\n\t\t","protected":false},"excerpt":{"rendered":"<p>Tilbage i Tyskland vil jeg som personlig stylist nu give videre, hvad jeg har l\u00e6rt i de mange \u00e5r af mit mangefacetterede arbejde: Mode kan v\u00e6re s\u00e5 meget mere end bare at se godt ud! <\/p>\n","protected":false},"author":1,"featured_media":2010,"parent":0,"menu_order":0,"comment_status":"closed","ping_status":"closed","template":"elementor_header_footer","meta":{"footnotes":""},"class_list":["post-2009","page","type-page","status-publish","has-post-thumbnail","hentry"],"yoast_head":"<!-- This site is optimized with the Yoast SEO plugin v27.4 - https:\/\/yoast.com\/product\/yoast-seo-wordpress\/ -->\n<title>Om mig - Tinka Val\u00e9rie Styling<\/title>\n<meta name=\"description\" content=\"Efter min modeeksamen og et stylistdiplom startede min rejse inden for kostumer rundt om i verden. Anerkendte teater- og showproduktioner, kendte film- og tv-formater samt fashion editorials til internationale modemagasiner var stationer p\u00e5 min vej. Indtil jeg blev trukket til millionbyen New York City, min nok st\u00f8rste inspirationskilde inden for stilr\u00e5dgivning, styling, mode &amp; Co.\" \/>\n<meta name=\"robots\" content=\"index, follow, max-snippet:-1, max-image-preview:large, max-video-preview:-1\" \/>\n<link rel=\"canonical\" href=\"https:\/\/tinkavalerie-styling.com\/da\/om-mig\" \/>\n<meta property=\"og:locale\" content=\"da_DK\" \/>\n<meta property=\"og:type\" content=\"article\" \/>\n<meta property=\"og:title\" content=\"Om mig - Tinka Val\u00e9rie Styling\" \/>\n<meta property=\"og:description\" content=\"Efter min modeeksamen og et stylistdiplom startede min rejse inden for kostumer rundt om i verden. Anerkendte teater- og showproduktioner, kendte film- og tv-formater samt fashion editorials til internationale modemagasiner var stationer p\u00e5 min vej. Indtil jeg blev trukket til millionbyen New York City, min nok st\u00f8rste inspirationskilde inden for stilr\u00e5dgivning, styling, mode &amp; Co.\" \/>\n<meta property=\"og:url\" content=\"https:\/\/tinkavalerie-styling.com\/da\/om-mig\" \/>\n<meta property=\"og:site_name\" content=\"Tinka Val\u00e9rie Styling\" \/>\n<meta property=\"article:modified_time\" content=\"2026-01-14T11:29:52+00:00\" \/>\n<meta property=\"og:image\" content=\"https:\/\/tinkavalerie-styling.com\/wp-content\/uploads\/2024\/01\/220730_Tinka_01_294_-jpg.webp\" \/>\n\t<meta property=\"og:image:width\" content=\"2048\" \/>\n\t<meta property=\"og:image:height\" content=\"1365\" \/>\n\t<meta property=\"og:image:type\" content=\"image\/jpeg\" \/>\n<script type=\"application\/ld+json\" class=\"yoast-schema-graph\">{\"@context\":\"https:\\\/\\\/schema.org\",\"@graph\":[{\"@type\":\"WebPage\",\"@id\":\"https:\\\/\\\/tinkavalerie-styling.com\\\/da\\\/om-mig\",\"url\":\"https:\\\/\\\/tinkavalerie-styling.com\\\/da\\\/om-mig\",\"name\":\"Om mig - Tinka Val\u00e9rie Styling\",\"isPartOf\":{\"@id\":\"https:\\\/\\\/tinkavalerie-styling.com\\\/da#website\"},\"primaryImageOfPage\":{\"@id\":\"https:\\\/\\\/tinkavalerie-styling.com\\\/da\\\/om-mig#primaryimage\"},\"image\":{\"@id\":\"https:\\\/\\\/tinkavalerie-styling.com\\\/da\\\/om-mig#primaryimage\"},\"thumbnailUrl\":\"https:\\\/\\\/tinkavalerie-styling.com\\\/wp-content\\\/uploads\\\/2024\\\/01\\\/220730_Tinka_01_294_-jpg.webp\",\"datePublished\":\"2022-10-26T19:39:31+00:00\",\"dateModified\":\"2026-01-14T11:29:52+00:00\",\"description\":\"Efter min modeeksamen og et stylistdiplom startede min rejse inden for kostumer rundt om i verden. Anerkendte teater- og showproduktioner, kendte film- og tv-formater samt fashion editorials til internationale modemagasiner var stationer p\u00e5 min vej. Indtil jeg blev trukket til millionbyen New York City, min nok st\u00f8rste inspirationskilde inden for stilr\u00e5dgivning, styling, mode & Co.\",\"breadcrumb\":{\"@id\":\"https:\\\/\\\/tinkavalerie-styling.com\\\/da\\\/om-mig#breadcrumb\"},\"inLanguage\":\"da-DK\",\"potentialAction\":[{\"@type\":\"ReadAction\",\"target\":[\"https:\\\/\\\/tinkavalerie-styling.com\\\/da\\\/om-mig\"]}]},{\"@type\":\"ImageObject\",\"inLanguage\":\"da-DK\",\"@id\":\"https:\\\/\\\/tinkavalerie-styling.com\\\/da\\\/om-mig#primaryimage\",\"url\":\"https:\\\/\\\/tinkavalerie-styling.com\\\/wp-content\\\/uploads\\\/2024\\\/01\\\/220730_Tinka_01_294_-jpg.webp\",\"contentUrl\":\"https:\\\/\\\/tinkavalerie-styling.com\\\/wp-content\\\/uploads\\\/2024\\\/01\\\/220730_Tinka_01_294_-jpg.webp\",\"width\":2048,\"height\":1365,\"caption\":\"Personlig farver\u00e5dgivning, stilr\u00e5dgivning og typebestemmelse i n\u00e6rheden af dig\"},{\"@type\":\"BreadcrumbList\",\"@id\":\"https:\\\/\\\/tinkavalerie-styling.com\\\/da\\\/om-mig#breadcrumb\",\"itemListElement\":[{\"@type\":\"ListItem\",\"position\":1,\"name\":\"Startseite\",\"item\":\"https:\\\/\\\/tinkavalerie-styling.com\\\/da\\\/tinka-valerie-styling-personlig-stilraadgivning\"},{\"@type\":\"ListItem\",\"position\":2,\"name\":\"Om mig\"}]},{\"@type\":\"WebSite\",\"@id\":\"https:\\\/\\\/tinkavalerie-styling.com\\\/da#website\",\"url\":\"https:\\\/\\\/tinkavalerie-styling.com\\\/da\",\"name\":\"Tinka Valerie Styling - Pers\u00f6nliche Stilberatung\",\"description\":\"Typberatung, Farb- und Stilberatung\",\"alternateName\":\"Personal Stylist in M\u00fcnchen\",\"potentialAction\":[{\"@type\":\"SearchAction\",\"target\":{\"@type\":\"EntryPoint\",\"urlTemplate\":\"https:\\\/\\\/tinkavalerie-styling.com\\\/da?s={search_term_string}\"},\"query-input\":{\"@type\":\"PropertyValueSpecification\",\"valueRequired\":true,\"valueName\":\"search_term_string\"}}],\"inLanguage\":\"da-DK\"}]}<\/script>\n<!-- \/ Yoast SEO plugin. -->","yoast_head_json":{"title":"Om mig - Tinka Val\u00e9rie Styling","description":"Efter min modeeksamen og et stylistdiplom startede min rejse inden for kostumer rundt om i verden. Anerkendte teater- og showproduktioner, kendte film- og tv-formater samt fashion editorials til internationale modemagasiner var stationer p\u00e5 min vej. Indtil jeg blev trukket til millionbyen New York City, min nok st\u00f8rste inspirationskilde inden for stilr\u00e5dgivning, styling, mode & Co.","robots":{"index":"index","follow":"follow","max-snippet":"max-snippet:-1","max-image-preview":"max-image-preview:large","max-video-preview":"max-video-preview:-1"},"canonical":"https:\/\/tinkavalerie-styling.com\/da\/om-mig","og_locale":"da_DK","og_type":"article","og_title":"Om mig - Tinka Val\u00e9rie Styling","og_description":"Efter min modeeksamen og et stylistdiplom startede min rejse inden for kostumer rundt om i verden. Anerkendte teater- og showproduktioner, kendte film- og tv-formater samt fashion editorials til internationale modemagasiner var stationer p\u00e5 min vej. Indtil jeg blev trukket til millionbyen New York City, min nok st\u00f8rste inspirationskilde inden for stilr\u00e5dgivning, styling, mode & Co.","og_url":"https:\/\/tinkavalerie-styling.com\/da\/om-mig","og_site_name":"Tinka Val\u00e9rie Styling","article_modified_time":"2026-01-14T11:29:52+00:00","og_image":[{"width":2048,"height":1365,"url":"https:\/\/tinkavalerie-styling.com\/wp-content\/uploads\/2024\/01\/220730_Tinka_01_294_-jpg.webp","type":"image\/jpeg"}],"schema":{"@context":"https:\/\/schema.org","@graph":[{"@type":"WebPage","@id":"https:\/\/tinkavalerie-styling.com\/da\/om-mig","url":"https:\/\/tinkavalerie-styling.com\/da\/om-mig","name":"Om mig - Tinka Val\u00e9rie Styling","isPartOf":{"@id":"https:\/\/tinkavalerie-styling.com\/da#website"},"primaryImageOfPage":{"@id":"https:\/\/tinkavalerie-styling.com\/da\/om-mig#primaryimage"},"image":{"@id":"https:\/\/tinkavalerie-styling.com\/da\/om-mig#primaryimage"},"thumbnailUrl":"https:\/\/tinkavalerie-styling.com\/wp-content\/uploads\/2024\/01\/220730_Tinka_01_294_-jpg.webp","datePublished":"2022-10-26T19:39:31+00:00","dateModified":"2026-01-14T11:29:52+00:00","description":"Efter min modeeksamen og et stylistdiplom startede min rejse inden for kostumer rundt om i verden. Anerkendte teater- og showproduktioner, kendte film- og tv-formater samt fashion editorials til internationale modemagasiner var stationer p\u00e5 min vej. Indtil jeg blev trukket til millionbyen New York City, min nok st\u00f8rste inspirationskilde inden for stilr\u00e5dgivning, styling, mode & Co.","breadcrumb":{"@id":"https:\/\/tinkavalerie-styling.com\/da\/om-mig#breadcrumb"},"inLanguage":"da-DK","potentialAction":[{"@type":"ReadAction","target":["https:\/\/tinkavalerie-styling.com\/da\/om-mig"]}]},{"@type":"ImageObject","inLanguage":"da-DK","@id":"https:\/\/tinkavalerie-styling.com\/da\/om-mig#primaryimage","url":"https:\/\/tinkavalerie-styling.com\/wp-content\/uploads\/2024\/01\/220730_Tinka_01_294_-jpg.webp","contentUrl":"https:\/\/tinkavalerie-styling.com\/wp-content\/uploads\/2024\/01\/220730_Tinka_01_294_-jpg.webp","width":2048,"height":1365,"caption":"Personlig farver\u00e5dgivning, stilr\u00e5dgivning og typebestemmelse i n\u00e6rheden af dig"},{"@type":"BreadcrumbList","@id":"https:\/\/tinkavalerie-styling.com\/da\/om-mig#breadcrumb","itemListElement":[{"@type":"ListItem","position":1,"name":"Startseite","item":"https:\/\/tinkavalerie-styling.com\/da\/tinka-valerie-styling-personlig-stilraadgivning"},{"@type":"ListItem","position":2,"name":"Om mig"}]},{"@type":"WebSite","@id":"https:\/\/tinkavalerie-styling.com\/da#website","url":"https:\/\/tinkavalerie-styling.com\/da","name":"Tinka Valerie Styling - Pers\u00f6nliche Stilberatung","description":"Typberatung, Farb- und Stilberatung","alternateName":"Personal Stylist in M\u00fcnchen","potentialAction":[{"@type":"SearchAction","target":{"@type":"EntryPoint","urlTemplate":"https:\/\/tinkavalerie-styling.com\/da?s={search_term_string}"},"query-input":{"@type":"PropertyValueSpecification","valueRequired":true,"valueName":"search_term_string"}}],"inLanguage":"da-DK"}]}},"_links":{"self":[{"href":"https:\/\/tinkavalerie-styling.com\/da\/wp-json\/wp\/v2\/pages\/2009","targetHints":{"allow":["GET"]}}],"collection":[{"href":"https:\/\/tinkavalerie-styling.com\/da\/wp-json\/wp\/v2\/pages"}],"about":[{"href":"https:\/\/tinkavalerie-styling.com\/da\/wp-json\/wp\/v2\/types\/page"}],"author":[{"embeddable":true,"href":"https:\/\/tinkavalerie-styling.com\/da\/wp-json\/wp\/v2\/users\/1"}],"replies":[{"embeddable":true,"href":"https:\/\/tinkavalerie-styling.com\/da\/wp-json\/wp\/v2\/comments?post=2009"}],"version-history":[{"count":1,"href":"https:\/\/tinkavalerie-styling.com\/da\/wp-json\/wp\/v2\/pages\/2009\/revisions"}],"predecessor-version":[{"id":2012,"href":"https:\/\/tinkavalerie-styling.com\/da\/wp-json\/wp\/v2\/pages\/2009\/revisions\/2012"}],"wp:featuredmedia":[{"embeddable":true,"href":"https:\/\/tinkavalerie-styling.com\/da\/wp-json\/wp\/v2\/media\/2010"}],"wp:attachment":[{"href":"https:\/\/tinkavalerie-styling.com\/da\/wp-json\/wp\/v2\/media?parent=2009"}],"curies":[{"name":"wp","href":"https:\/\/api.w.org\/{rel}","templated":true}]}}