{"id":2026,"date":"2023-01-19T12:04:12","date_gmt":"2023-01-19T12:04:12","guid":{"rendered":"https:\/\/tinkavalerie-styling.com\/databeskyttelse"},"modified":"2026-01-14T11:30:11","modified_gmt":"2026-01-14T11:30:11","slug":"databeskyttelse","status":"publish","type":"page","link":"https:\/\/tinkavalerie-styling.com\/da\/databeskyttelse","title":{"rendered":"Databeskyttelse"},"content":{"rendered":"\t\t<div data-elementor-type=\"wp-page\" data-elementor-id=\"2026\" class=\"elementor elementor-2026 elementor-905\" data-elementor-post-type=\"page\">\n\t\t\t\t\t\t<section class=\"elementor-section elementor-top-section elementor-element elementor-element-409b39e elementor-section-boxed elementor-section-height-default elementor-section-height-default\" data-id=\"409b39e\" data-element_type=\"section\" data-e-type=\"section\">\n\t\t\t\t\t\t<div class=\"elementor-container elementor-column-gap-default\">\n\t\t\t\t\t<div class=\"elementor-column elementor-col-100 elementor-top-column elementor-element elementor-element-5c8710a\" data-id=\"5c8710a\" data-element_type=\"column\" data-e-type=\"column\">\n\t\t\t<div class=\"elementor-widget-wrap elementor-element-populated\">\n\t\t\t\t\t\t<div class=\"elementor-element elementor-element-7a45abc elementor-widget elementor-widget-heading\" data-id=\"7a45abc\" data-element_type=\"widget\" data-e-type=\"widget\" data-widget_type=\"heading.default\">\n\t\t\t\t<div class=\"elementor-widget-container\">\n\t\t\t\t\t<h2 class=\"elementor-heading-title elementor-size-default\">Privatlivspolitik<\/h2>\t\t\t\t<\/div>\n\t\t\t\t<\/div>\n\t\t\t\t<div class=\"elementor-element elementor-element-90f5c11 elementor-widget elementor-widget-text-editor\" data-id=\"90f5c11\" data-element_type=\"widget\" data-e-type=\"widget\" data-widget_type=\"text-editor.default\">\n\t\t\t\t<div class=\"elementor-widget-container\">\n\t\t\t\t\t\t\t\t\t<p>Brugen af vores hjemmeside (<a href=\"http:\/\/www.tinkavalerie-styling.com\">www.tinkavalerie-styling.com<\/a>) er normalt mulig uden at give personlige data. I det omfang, at personlige data (f.eks. navn, adresse, e-mailadresser, som en del af en varebestilling, \u00e5bning og ved tilmelding til vores nyhedsbrev) indsamles p\u00e5 vores side, sker dette, s\u00e5 vidt det er muligt for os, kun p\u00e5 frivillig basis (jf. \u00a7 13 TMG). De f\u00f8lsomme data vil ikke blive videregivet til tredjeparter uden dit udtrykkelige samtykke. Vi g\u00f8r opm\u00e6rksom p\u00e5, at dataoverf\u00f8rsel via internettet (f.eks. ved kommunikation via e-mail) kan have sikkerhedshuller. En fuldst\u00e6ndig beskyttelse af data mod adgang fra tredjeparter er ikke mulig. Vi g\u00f8r hermed udtrykkeligt indsigelse mod fremsendelse af uopfordret reklame og informationsmateriale ved brug af de kontaktoplysninger, der er offentliggjort i forbindelse med opfyldelsen af kravet om impressum i henhold til \u00a7 5 TMG. Vi forbeholder os udtrykkeligt retten til at tage retslige skridt i tilf\u00e6lde af uanmodet fremsendelse af reklameinformation, f.eks. via spam-mails (is\u00e6r nyhedsbreve).       <\/p><p><strong>Privatlivspolitik for brugen af Meta-plugins (Like-Button)<\/strong><\/p><p>P\u00e5 vores sider er plugins fra det sociale netv\u00e6rk Facebook, 1601 South California Avenue, Palo Alto, CA 94304, USA integreret. Disse kan du genkende p\u00e5 Facebook-logoet eller &#8220;Facebook &amp; Instagram Icon&#8221; p\u00e5 vores side. En oversigt over mulige Facebook-plugins kan findes under f\u00f8lgende link: <a href=\"http:\/\/developers.facebook.com\/docs\/plugins\/\" target=\"_blank\" rel=\"noopener noreferrer\">http:\/\/developers.facebook.com\/docs\/plugins\/<\/a>  <\/p><p>.P\u00e5 grund af disse plugins (ikoner) etableres en direkte forbindelse mellem din browser og den respektive server, hvis du bes\u00f8ger vores sider. Gennem dit bes\u00f8g modtager Meta oplysninger om, at du har bes\u00f8gt vores sider med din IP-adresse. Hvis du nu klikker p\u00e5 Facebook &#8220;Facebook &amp; Instagram Icon&#8221; p\u00e5 vores sider, mens du samtidig er logget ind p\u00e5 din Facebook-konto, vil indholdet af vores sider blive linket til din Facebook-profil. Som f\u00f8lge heraf kan Facebook knytte dit bes\u00f8g p\u00e5 vores side til din brugerkonto. Vi, som tjenesteudbyder, g\u00f8r opm\u00e6rksom p\u00e5, at vi som webstedsudbyder ikke har kendskab til indholdet af de overf\u00f8rte data samt deres brug af Facebook. Derfor henviser vi til f\u00f8lgende link for at f\u00e5 yderligere oplysninger om Facebooks privatlivspolitik: <a href=\"http:\/\/de-de.facebook.com\/policy.php\" target=\"_blank\" rel=\"noopener noreferrer\">http:\/\/de-de.facebook.com\/policy.php<\/a>     <\/p><p>Hvis du ikke \u00f8nsker, at Facebook knytter dit ophold p\u00e5 vores hjemmeside til din Facebook-brugerkonto, beder vi dig om at logge ud af din Facebook-brugerkonto, n\u00e5r du bes\u00f8ger vores hjemmeside.<\/p><p>Denne <a href=\"https:\/\/jurarat.de\/muster-datenschutzerklaerung\" target=\"_blank\" rel=\"noopener noreferrer\">privatlivspolitik<\/a> er venligst stillet til r\u00e5dighed af <a href=\"https:\/\/jurarat.de\/\" target=\"_blank\" rel=\"noopener noreferrer\">jurarat.de<\/a>.<\/p>\t\t\t\t\t\t\t\t<\/div>\n\t\t\t\t<\/div>\n\t\t\t\t\t<\/div>\n\t\t<\/div>\n\t\t\t\t\t<\/div>\n\t\t<\/section>\n\t\t\t\t<\/div>\n\t\t","protected":false},"excerpt":{"rendered":"<p>Privatlivspolitik Brugen af vores hjemmeside (www.tinkavalerie-styling.com) er normalt mulig uden at give personlige data. I det omfang, at personlige data (f.eks. navn, adresse, e-mailadresser, som en del af en varebestilling, \u00e5bning og ved tilmelding til vores nyhedsbrev) indsamles p\u00e5 vores side, sker dette, s\u00e5 vidt det er muligt for os, kun p\u00e5 frivillig basis (jf. [&hellip;]<\/p>\n","protected":false},"author":1,"featured_media":0,"parent":0,"menu_order":0,"comment_status":"closed","ping_status":"closed","template":"elementor_header_footer","meta":{"footnotes":""},"class_list":["post-2026","page","type-page","status-publish","hentry"],"yoast_head":"<!-- This site is optimized with the Yoast SEO plugin v27.4 - https:\/\/yoast.com\/product\/yoast-seo-wordpress\/ -->\n<title>Databeskyttelse - Tinka Val\u00e9rie Styling<\/title>\n<meta name=\"robots\" content=\"index, follow, max-snippet:-1, max-image-preview:large, max-video-preview:-1\" \/>\n<link rel=\"canonical\" href=\"https:\/\/tinkavalerie-styling.com\/da\/databeskyttelse\" \/>\n<meta property=\"og:locale\" content=\"da_DK\" \/>\n<meta property=\"og:type\" content=\"article\" \/>\n<meta property=\"og:title\" content=\"Databeskyttelse - Tinka Val\u00e9rie Styling\" \/>\n<meta property=\"og:description\" content=\"Privatlivspolitik Brugen af vores hjemmeside (www.tinkavalerie-styling.com) er normalt mulig uden at give personlige data. I det omfang, at personlige data (f.eks. navn, adresse, e-mailadresser, som en del af en varebestilling, \u00e5bning og ved tilmelding til vores nyhedsbrev) indsamles p\u00e5 vores side, sker dette, s\u00e5 vidt det er muligt for os, kun p\u00e5 frivillig basis (jf. [&hellip;]\" \/>\n<meta property=\"og:url\" content=\"https:\/\/tinkavalerie-styling.com\/da\/databeskyttelse\" \/>\n<meta property=\"og:site_name\" content=\"Tinka Val\u00e9rie Styling\" \/>\n<meta property=\"article:modified_time\" content=\"2026-01-14T11:30:11+00:00\" \/>\n<meta property=\"og:image\" content=\"https:\/\/tinkavalerie-styling.com\/wp-content\/uploads\/2024\/01\/220730_Tinka_01_294_-jpg.webp\" \/>\n\t<meta property=\"og:image:width\" content=\"2048\" \/>\n\t<meta property=\"og:image:height\" content=\"1365\" \/>\n\t<meta property=\"og:image:type\" content=\"image\/jpeg\" \/>\n<script type=\"application\/ld+json\" class=\"yoast-schema-graph\">{\"@context\":\"https:\\\/\\\/schema.org\",\"@graph\":[{\"@type\":\"WebPage\",\"@id\":\"https:\\\/\\\/tinkavalerie-styling.com\\\/da\\\/databeskyttelse\",\"url\":\"https:\\\/\\\/tinkavalerie-styling.com\\\/da\\\/databeskyttelse\",\"name\":\"Databeskyttelse - Tinka Val\u00e9rie Styling\",\"isPartOf\":{\"@id\":\"https:\\\/\\\/tinkavalerie-styling.com\\\/da#website\"},\"datePublished\":\"2023-01-19T12:04:12+00:00\",\"dateModified\":\"2026-01-14T11:30:11+00:00\",\"breadcrumb\":{\"@id\":\"https:\\\/\\\/tinkavalerie-styling.com\\\/da\\\/databeskyttelse#breadcrumb\"},\"inLanguage\":\"da-DK\",\"potentialAction\":[{\"@type\":\"ReadAction\",\"target\":[\"https:\\\/\\\/tinkavalerie-styling.com\\\/da\\\/databeskyttelse\"]}]},{\"@type\":\"BreadcrumbList\",\"@id\":\"https:\\\/\\\/tinkavalerie-styling.com\\\/da\\\/databeskyttelse#breadcrumb\",\"itemListElement\":[{\"@type\":\"ListItem\",\"position\":1,\"name\":\"Startseite\",\"item\":\"https:\\\/\\\/tinkavalerie-styling.com\\\/da\\\/tinka-valerie-styling-personlig-stilraadgivning\"},{\"@type\":\"ListItem\",\"position\":2,\"name\":\"Databeskyttelse\"}]},{\"@type\":\"WebSite\",\"@id\":\"https:\\\/\\\/tinkavalerie-styling.com\\\/da#website\",\"url\":\"https:\\\/\\\/tinkavalerie-styling.com\\\/da\",\"name\":\"Tinka Valerie Styling - Pers\u00f6nliche Stilberatung\",\"description\":\"Typberatung, Farb- und Stilberatung\",\"alternateName\":\"Personal Stylist in M\u00fcnchen\",\"potentialAction\":[{\"@type\":\"SearchAction\",\"target\":{\"@type\":\"EntryPoint\",\"urlTemplate\":\"https:\\\/\\\/tinkavalerie-styling.com\\\/da?s={search_term_string}\"},\"query-input\":{\"@type\":\"PropertyValueSpecification\",\"valueRequired\":true,\"valueName\":\"search_term_string\"}}],\"inLanguage\":\"da-DK\"}]}<\/script>\n<!-- \/ Yoast SEO plugin. -->","yoast_head_json":{"title":"Databeskyttelse - Tinka Val\u00e9rie Styling","robots":{"index":"index","follow":"follow","max-snippet":"max-snippet:-1","max-image-preview":"max-image-preview:large","max-video-preview":"max-video-preview:-1"},"canonical":"https:\/\/tinkavalerie-styling.com\/da\/databeskyttelse","og_locale":"da_DK","og_type":"article","og_title":"Databeskyttelse - Tinka Val\u00e9rie Styling","og_description":"Privatlivspolitik Brugen af vores hjemmeside (www.tinkavalerie-styling.com) er normalt mulig uden at give personlige data. I det omfang, at personlige data (f.eks. navn, adresse, e-mailadresser, som en del af en varebestilling, \u00e5bning og ved tilmelding til vores nyhedsbrev) indsamles p\u00e5 vores side, sker dette, s\u00e5 vidt det er muligt for os, kun p\u00e5 frivillig basis (jf. [&hellip;]","og_url":"https:\/\/tinkavalerie-styling.com\/da\/databeskyttelse","og_site_name":"Tinka Val\u00e9rie Styling","article_modified_time":"2026-01-14T11:30:11+00:00","og_image":[{"width":2048,"height":1365,"url":"https:\/\/tinkavalerie-styling.com\/wp-content\/uploads\/2024\/01\/220730_Tinka_01_294_-jpg.webp","type":"image\/jpeg"}],"schema":{"@context":"https:\/\/schema.org","@graph":[{"@type":"WebPage","@id":"https:\/\/tinkavalerie-styling.com\/da\/databeskyttelse","url":"https:\/\/tinkavalerie-styling.com\/da\/databeskyttelse","name":"Databeskyttelse - Tinka Val\u00e9rie Styling","isPartOf":{"@id":"https:\/\/tinkavalerie-styling.com\/da#website"},"datePublished":"2023-01-19T12:04:12+00:00","dateModified":"2026-01-14T11:30:11+00:00","breadcrumb":{"@id":"https:\/\/tinkavalerie-styling.com\/da\/databeskyttelse#breadcrumb"},"inLanguage":"da-DK","potentialAction":[{"@type":"ReadAction","target":["https:\/\/tinkavalerie-styling.com\/da\/databeskyttelse"]}]},{"@type":"BreadcrumbList","@id":"https:\/\/tinkavalerie-styling.com\/da\/databeskyttelse#breadcrumb","itemListElement":[{"@type":"ListItem","position":1,"name":"Startseite","item":"https:\/\/tinkavalerie-styling.com\/da\/tinka-valerie-styling-personlig-stilraadgivning"},{"@type":"ListItem","position":2,"name":"Databeskyttelse"}]},{"@type":"WebSite","@id":"https:\/\/tinkavalerie-styling.com\/da#website","url":"https:\/\/tinkavalerie-styling.com\/da","name":"Tinka Valerie Styling - Pers\u00f6nliche Stilberatung","description":"Typberatung, Farb- und Stilberatung","alternateName":"Personal Stylist in M\u00fcnchen","potentialAction":[{"@type":"SearchAction","target":{"@type":"EntryPoint","urlTemplate":"https:\/\/tinkavalerie-styling.com\/da?s={search_term_string}"},"query-input":{"@type":"PropertyValueSpecification","valueRequired":true,"valueName":"search_term_string"}}],"inLanguage":"da-DK"}]}},"_links":{"self":[{"href":"https:\/\/tinkavalerie-styling.com\/da\/wp-json\/wp\/v2\/pages\/2026","targetHints":{"allow":["GET"]}}],"collection":[{"href":"https:\/\/tinkavalerie-styling.com\/da\/wp-json\/wp\/v2\/pages"}],"about":[{"href":"https:\/\/tinkavalerie-styling.com\/da\/wp-json\/wp\/v2\/types\/page"}],"author":[{"embeddable":true,"href":"https:\/\/tinkavalerie-styling.com\/da\/wp-json\/wp\/v2\/users\/1"}],"replies":[{"embeddable":true,"href":"https:\/\/tinkavalerie-styling.com\/da\/wp-json\/wp\/v2\/comments?post=2026"}],"version-history":[{"count":1,"href":"https:\/\/tinkavalerie-styling.com\/da\/wp-json\/wp\/v2\/pages\/2026\/revisions"}],"predecessor-version":[{"id":2027,"href":"https:\/\/tinkavalerie-styling.com\/da\/wp-json\/wp\/v2\/pages\/2026\/revisions\/2027"}],"wp:attachment":[{"href":"https:\/\/tinkavalerie-styling.com\/da\/wp-json\/wp\/v2\/media?parent=2026"}],"curies":[{"name":"wp","href":"https:\/\/api.w.org\/{rel}","templated":true}]}}