{"id":2028,"date":"2022-12-13T13:14:20","date_gmt":"2022-12-13T13:14:20","guid":{"rendered":"https:\/\/tinkavalerie-styling.com\/impressum"},"modified":"2026-01-14T11:30:11","modified_gmt":"2026-01-14T11:30:11","slug":"impressum","status":"publish","type":"page","link":"https:\/\/tinkavalerie-styling.com\/da\/impressum","title":{"rendered":"Impressum"},"content":{"rendered":"\t\t<div data-elementor-type=\"wp-page\" data-elementor-id=\"2028\" class=\"elementor elementor-2028 elementor-485\" data-elementor-post-type=\"page\">\n\t\t\t\t\t\t<section class=\"elementor-section elementor-top-section elementor-element elementor-element-6740560 elementor-section-boxed elementor-section-height-default elementor-section-height-default\" data-id=\"6740560\" data-element_type=\"section\" data-e-type=\"section\">\n\t\t\t\t\t\t<div class=\"elementor-container elementor-column-gap-default\">\n\t\t\t\t\t<div class=\"elementor-column elementor-col-100 elementor-top-column elementor-element elementor-element-38dbea9\" data-id=\"38dbea9\" data-element_type=\"column\" data-e-type=\"column\">\n\t\t\t<div class=\"elementor-widget-wrap elementor-element-populated\">\n\t\t\t\t\t\t<div class=\"elementor-element elementor-element-20cc10a elementor-widget elementor-widget-heading\" data-id=\"20cc10a\" data-element_type=\"widget\" data-e-type=\"widget\" data-widget_type=\"heading.default\">\n\t\t\t\t<div class=\"elementor-widget-container\">\n\t\t\t\t\t<h1 class=\"elementor-heading-title elementor-size-default\">Impressum<\/h1>\t\t\t\t<\/div>\n\t\t\t\t<\/div>\n\t\t\t\t<div class=\"elementor-element elementor-element-fc5a5cb elementor-widget elementor-widget-text-editor\" data-id=\"fc5a5cb\" data-element_type=\"widget\" data-e-type=\"widget\" data-widget_type=\"text-editor.default\">\n\t\t\t\t<div class=\"elementor-widget-container\">\n\t\t\t\t\t\t\t\t\t<p class=\"p1\"><span class=\"s1\">Oplysninger<\/span><span class=\"s2\">  i henhold til \u00a7 5 TMG: <\/span><\/p>\n<p class=\"p1\"><span class=\"s1\">Tinka Val\u00e9rie Knoll<br>Landshuter Allee 132<br>80637 M\u00fcnchen<br>Tyskland<\/span><\/p>\n<p class=\"p2\"><span class=\"s3\">+49 174 638 4266<br><a href=\"mailto:hello@tinkavalerie-styling.com\"><span class=\"s4\">hello@tinkavalerie-styling.com<\/span><\/a><\/span><\/p>\t\t\t\t\t\t\t\t<\/div>\n\t\t\t\t<\/div>\n\t\t\t\t\t<\/div>\n\t\t<\/div>\n\t\t\t\t\t<\/div>\n\t\t<\/section>\n\t\t\t\t<section class=\"elementor-section elementor-top-section elementor-element elementor-element-409b39e elementor-section-boxed elementor-section-height-default elementor-section-height-default\" data-id=\"409b39e\" data-element_type=\"section\" data-e-type=\"section\">\n\t\t\t\t\t\t<div class=\"elementor-container elementor-column-gap-default\">\n\t\t\t\t\t<div class=\"elementor-column elementor-col-100 elementor-top-column elementor-element elementor-element-5c8710a\" data-id=\"5c8710a\" data-element_type=\"column\" data-e-type=\"column\">\n\t\t\t<div class=\"elementor-widget-wrap elementor-element-populated\">\n\t\t\t\t\t\t<div class=\"elementor-element elementor-element-7a45abc elementor-widget elementor-widget-heading\" data-id=\"7a45abc\" data-element_type=\"widget\" data-e-type=\"widget\" data-widget_type=\"heading.default\">\n\t\t\t\t<div class=\"elementor-widget-container\">\n\t\t\t\t\t<h2 class=\"elementor-heading-title elementor-size-default\">Ansvarsfraskrivelse<\/h2>\t\t\t\t<\/div>\n\t\t\t\t<\/div>\n\t\t\t\t<div class=\"elementor-element elementor-element-90f5c11 elementor-widget elementor-widget-text-editor\" data-id=\"90f5c11\" data-element_type=\"widget\" data-e-type=\"widget\" data-widget_type=\"text-editor.default\">\n\t\t\t\t<div class=\"elementor-widget-container\">\n\t\t\t\t\t\t\t\t\t<p><u style=\"color: var( --e-global-color-text ); font-family: var( --e-global-typography-text-font-family ), Sans-serif; font-weight: var( --e-global-typography-text-font-weight );\">Ansvar for indhold<\/u><\/p><p>Alt indhold p\u00e5 vores hjemmeside er blevet oprettet med st\u00f8rst mulig omhu og efter bedste overbevisning. Vi kan dog ikke p\u00e5tage os ansvar for indholdets korrekthed, fuldst\u00e6ndighed og aktualitet. Som tjenesteudbyder er vi ansvarlige for vores eget indhold p\u00e5 disse sider i henhold til de generelle love, jf. \u00a7 7, stk. 1, TMG. I henhold til \u00a7\u00a7 8 til 10 TMG er vi som tjenesteudbyder dog ikke forpligtet til at overv\u00e5ge overf\u00f8rte eller lagrede oplysninger fra tredjemand eller til at unders\u00f8ge omst\u00e6ndigheder, der indikerer ulovlig aktivitet. Forpligtelser til at fjerne eller blokere brugen af oplysninger i henhold til de generelle love forbliver up\u00e5virket heraf.     <\/p><p>Et tilsvarende ansvar er dog f\u00f8rst muligt fra det tidspunkt, hvor vi f\u00e5r kendskab til en konkret lovovertr\u00e6delse. Hvis vi bliver opm\u00e6rksomme p\u00e5 ovenn\u00e6vnte lovovertr\u00e6delser, fjerner vi straks dette indhold. <\/p><p><u>Ansvarsbegr\u00e6nsning for eksterne links<\/u><\/p><p>Vores hjemmeside indeholder links til eksterne tredjepartshjemmesider. Vi har ingen indflydelse p\u00e5 indholdet af disse direkte eller indirekte linkede hjemmesider. Derfor kan vi heller ikke p\u00e5tage os ansvar for indholdets korrekthed for de &#8220;eksterne links&#8221;. De respektive udbydere eller operat\u00f8rer (ophavsm\u00e6nd) af siderne er ansvarlige for indholdet af de eksterne links.   <\/p><p>De eksterne links blev kontrolleret for mulige lovovertr\u00e6delser p\u00e5 tidspunktet for linket, og de var fri for ulovligt indhold p\u00e5 tidspunktet for linket. En permanent indholdsm\u00e6ssig kontrol af de eksterne links er ikke mulig uden konkrete indikationer p\u00e5 en lovovertr\u00e6delse. I tilf\u00e6lde af direkte eller indirekte links til tredjepartshjemmesider, der ligger uden for vores ansvarsomr\u00e5de, ville en ansvarsforpligtelse udelukkende eksistere, hvis vi har kendskab til indholdet, og det er teknisk muligt og rimeligt for os at forhindre brugen i tilf\u00e6lde af ulovligt indhold.  <\/p><p>Denne ansvarsfraskrivelse g\u00e6lder ogs\u00e5 inden for vores eget websted <a href=\"https:\/\/www.tinkavalerie-styling.com\">www.tinkavalerie-styling.com<\/a> links og referencer fra sp\u00f8rgere, blogindl\u00e6g, g\u00e6ster i diskussionsforummet. For ulovligt, mangelfuldt eller ufuldst\u00e6ndigt indhold og is\u00e6r for skader, der opst\u00e5r som f\u00f8lge af brugen eller manglende brug af s\u00e5danne oplysninger, er det udelukkende tjenesteudbyderen af den side, der henvises til, der er ansvarlig, ikke den, der kun henviser til den respektive publikation via links. <\/p><p>Hvis vi bliver opm\u00e6rksomme p\u00e5 lovovertr\u00e6delser, fjerner vi straks de eksterne links.<\/p><p><u>Ophavsret<\/u><\/p><p>Indholdet og v\u00e6rkerne, der er offentliggjort p\u00e5 vores hjemmeside, er underlagt den tyske ophavsret (<a href=\"http:\/\/www.gesetze-im-internet.de\/bundesrecht\/urhg\/gesamt.pdf\" target=\"_blank\" rel=\"noopener noreferrer\" data-extlink=\"\">http:\/\/www.gesetze-im-internet.de\/bundesrecht\/urhg\/gesamt.pdf<\/a>). Mangfoldigg\u00f8relse, bearbejdning, distribution og enhver form for udnyttelse af ophavsmandens intellektuelle ejendom i ideel og materiel henseende uden for ophavsrettens gr\u00e6nser kr\u00e6ver forudg\u00e5ende skriftlig tilladelse fra den respektive ophavsmand i henhold til ophavsretsloven (<a href=\"http:\/\/www.gesetze-im-internet.de\/bundesrecht\/urhg\/gesamt.pdf\" target=\"_blank\" rel=\"noopener noreferrer\" data-extlink=\"\">http:\/\/www.gesetze-im-internet.de\/bundesrecht\/urhg\/gesamt.pdf<\/a>). Downloads og kopier af denne side er ikke tilladt hverken til privat eller kommerciel brug. Hvis indholdet p\u00e5 vores hjemmeside ikke er oprettet af os, skal tredjeparts ophavsret respekteres. Tredjeparts indhold er identificeret som s\u00e5dan. Hvis du alligevel bliver opm\u00e6rksom p\u00e5 en kr\u00e6nkelse af ophavsretten, bedes du give os et tilsvarende varsel. Hvis vi bliver opm\u00e6rksomme p\u00e5 lovovertr\u00e6delser, fjerner vi straks s\u00e5dant indhold.      <\/p><p>Dette <a href=\"https:\/\/jurarat.de\/muster-impressum\">impressum<\/a> er venligst stillet til r\u00e5dighed af <a href=\"https:\/\/jurarat.de\/\">jurarat.de<\/a>.<\/p>\t\t\t\t\t\t\t\t<\/div>\n\t\t\t\t<\/div>\n\t\t\t\t\t<\/div>\n\t\t<\/div>\n\t\t\t\t\t<\/div>\n\t\t<\/section>\n\t\t\t\t<\/div>\n\t\t","protected":false},"excerpt":{"rendered":"<p>Impressum Oplysninger i henhold til \u00a7 5 TMG: Tinka Val\u00e9rie KnollLandshuter Allee 13280637 M\u00fcnchenTyskland +49 174 638 4266hello@tinkavalerie-styling.com Ansvarsfraskrivelse Ansvar for indhold Alt indhold p\u00e5 vores hjemmeside er blevet oprettet med st\u00f8rst mulig omhu og efter bedste overbevisning. Vi kan dog ikke p\u00e5tage os ansvar for indholdets korrekthed, fuldst\u00e6ndighed og aktualitet. Som tjenesteudbyder er vi [&hellip;]<\/p>\n","protected":false},"author":1,"featured_media":0,"parent":0,"menu_order":0,"comment_status":"closed","ping_status":"closed","template":"elementor_header_footer","meta":{"footnotes":""},"class_list":["post-2028","page","type-page","status-publish","hentry"],"yoast_head":"<!-- This site is optimized with the Yoast SEO plugin v27.4 - https:\/\/yoast.com\/product\/yoast-seo-wordpress\/ -->\n<title>Impressum - Tinka Val\u00e9rie Styling<\/title>\n<meta name=\"robots\" content=\"index, follow, max-snippet:-1, max-image-preview:large, max-video-preview:-1\" \/>\n<link rel=\"canonical\" href=\"https:\/\/tinkavalerie-styling.com\/da\/impressum\" \/>\n<meta property=\"og:locale\" content=\"da_DK\" \/>\n<meta property=\"og:type\" content=\"article\" \/>\n<meta property=\"og:title\" content=\"Impressum - Tinka Val\u00e9rie Styling\" \/>\n<meta property=\"og:description\" content=\"Impressum Oplysninger i henhold til \u00a7 5 TMG: Tinka Val\u00e9rie KnollLandshuter Allee 13280637 M\u00fcnchenTyskland +49 174 638 4266hello@tinkavalerie-styling.com Ansvarsfraskrivelse Ansvar for indhold Alt indhold p\u00e5 vores hjemmeside er blevet oprettet med st\u00f8rst mulig omhu og efter bedste overbevisning. Vi kan dog ikke p\u00e5tage os ansvar for indholdets korrekthed, fuldst\u00e6ndighed og aktualitet. Som tjenesteudbyder er vi [&hellip;]\" \/>\n<meta property=\"og:url\" content=\"https:\/\/tinkavalerie-styling.com\/da\/impressum\" \/>\n<meta property=\"og:site_name\" content=\"Tinka Val\u00e9rie Styling\" \/>\n<meta property=\"article:modified_time\" content=\"2026-01-14T11:30:11+00:00\" \/>\n<meta property=\"og:image\" content=\"https:\/\/tinkavalerie-styling.com\/wp-content\/uploads\/2024\/01\/220730_Tinka_01_294_-jpg.webp\" \/>\n\t<meta property=\"og:image:width\" content=\"2048\" \/>\n\t<meta property=\"og:image:height\" content=\"1365\" \/>\n\t<meta property=\"og:image:type\" content=\"image\/jpeg\" \/>\n<script type=\"application\/ld+json\" class=\"yoast-schema-graph\">{\"@context\":\"https:\\\/\\\/schema.org\",\"@graph\":[{\"@type\":\"WebPage\",\"@id\":\"https:\\\/\\\/tinkavalerie-styling.com\\\/da\\\/impressum\",\"url\":\"https:\\\/\\\/tinkavalerie-styling.com\\\/da\\\/impressum\",\"name\":\"Impressum - Tinka Val\u00e9rie Styling\",\"isPartOf\":{\"@id\":\"https:\\\/\\\/tinkavalerie-styling.com\\\/da#website\"},\"datePublished\":\"2022-12-13T13:14:20+00:00\",\"dateModified\":\"2026-01-14T11:30:11+00:00\",\"breadcrumb\":{\"@id\":\"https:\\\/\\\/tinkavalerie-styling.com\\\/da\\\/impressum#breadcrumb\"},\"inLanguage\":\"da-DK\",\"potentialAction\":[{\"@type\":\"ReadAction\",\"target\":[\"https:\\\/\\\/tinkavalerie-styling.com\\\/da\\\/impressum\"]}]},{\"@type\":\"BreadcrumbList\",\"@id\":\"https:\\\/\\\/tinkavalerie-styling.com\\\/da\\\/impressum#breadcrumb\",\"itemListElement\":[{\"@type\":\"ListItem\",\"position\":1,\"name\":\"Startseite\",\"item\":\"https:\\\/\\\/tinkavalerie-styling.com\\\/da\\\/tinka-valerie-styling-personlig-stilraadgivning\"},{\"@type\":\"ListItem\",\"position\":2,\"name\":\"Impressum\"}]},{\"@type\":\"WebSite\",\"@id\":\"https:\\\/\\\/tinkavalerie-styling.com\\\/da#website\",\"url\":\"https:\\\/\\\/tinkavalerie-styling.com\\\/da\",\"name\":\"Tinka Valerie Styling - Pers\u00f6nliche Stilberatung\",\"description\":\"Typberatung, Farb- und Stilberatung\",\"alternateName\":\"Personal Stylist in M\u00fcnchen\",\"potentialAction\":[{\"@type\":\"SearchAction\",\"target\":{\"@type\":\"EntryPoint\",\"urlTemplate\":\"https:\\\/\\\/tinkavalerie-styling.com\\\/da?s={search_term_string}\"},\"query-input\":{\"@type\":\"PropertyValueSpecification\",\"valueRequired\":true,\"valueName\":\"search_term_string\"}}],\"inLanguage\":\"da-DK\"}]}<\/script>\n<!-- \/ Yoast SEO plugin. -->","yoast_head_json":{"title":"Impressum - Tinka Val\u00e9rie Styling","robots":{"index":"index","follow":"follow","max-snippet":"max-snippet:-1","max-image-preview":"max-image-preview:large","max-video-preview":"max-video-preview:-1"},"canonical":"https:\/\/tinkavalerie-styling.com\/da\/impressum","og_locale":"da_DK","og_type":"article","og_title":"Impressum - Tinka Val\u00e9rie Styling","og_description":"Impressum Oplysninger i henhold til \u00a7 5 TMG: Tinka Val\u00e9rie KnollLandshuter Allee 13280637 M\u00fcnchenTyskland +49 174 638 4266hello@tinkavalerie-styling.com Ansvarsfraskrivelse Ansvar for indhold Alt indhold p\u00e5 vores hjemmeside er blevet oprettet med st\u00f8rst mulig omhu og efter bedste overbevisning. Vi kan dog ikke p\u00e5tage os ansvar for indholdets korrekthed, fuldst\u00e6ndighed og aktualitet. Som tjenesteudbyder er vi [&hellip;]","og_url":"https:\/\/tinkavalerie-styling.com\/da\/impressum","og_site_name":"Tinka Val\u00e9rie Styling","article_modified_time":"2026-01-14T11:30:11+00:00","og_image":[{"width":2048,"height":1365,"url":"https:\/\/tinkavalerie-styling.com\/wp-content\/uploads\/2024\/01\/220730_Tinka_01_294_-jpg.webp","type":"image\/jpeg"}],"schema":{"@context":"https:\/\/schema.org","@graph":[{"@type":"WebPage","@id":"https:\/\/tinkavalerie-styling.com\/da\/impressum","url":"https:\/\/tinkavalerie-styling.com\/da\/impressum","name":"Impressum - Tinka Val\u00e9rie Styling","isPartOf":{"@id":"https:\/\/tinkavalerie-styling.com\/da#website"},"datePublished":"2022-12-13T13:14:20+00:00","dateModified":"2026-01-14T11:30:11+00:00","breadcrumb":{"@id":"https:\/\/tinkavalerie-styling.com\/da\/impressum#breadcrumb"},"inLanguage":"da-DK","potentialAction":[{"@type":"ReadAction","target":["https:\/\/tinkavalerie-styling.com\/da\/impressum"]}]},{"@type":"BreadcrumbList","@id":"https:\/\/tinkavalerie-styling.com\/da\/impressum#breadcrumb","itemListElement":[{"@type":"ListItem","position":1,"name":"Startseite","item":"https:\/\/tinkavalerie-styling.com\/da\/tinka-valerie-styling-personlig-stilraadgivning"},{"@type":"ListItem","position":2,"name":"Impressum"}]},{"@type":"WebSite","@id":"https:\/\/tinkavalerie-styling.com\/da#website","url":"https:\/\/tinkavalerie-styling.com\/da","name":"Tinka Valerie Styling - Pers\u00f6nliche Stilberatung","description":"Typberatung, Farb- und Stilberatung","alternateName":"Personal Stylist in M\u00fcnchen","potentialAction":[{"@type":"SearchAction","target":{"@type":"EntryPoint","urlTemplate":"https:\/\/tinkavalerie-styling.com\/da?s={search_term_string}"},"query-input":{"@type":"PropertyValueSpecification","valueRequired":true,"valueName":"search_term_string"}}],"inLanguage":"da-DK"}]}},"_links":{"self":[{"href":"https:\/\/tinkavalerie-styling.com\/da\/wp-json\/wp\/v2\/pages\/2028","targetHints":{"allow":["GET"]}}],"collection":[{"href":"https:\/\/tinkavalerie-styling.com\/da\/wp-json\/wp\/v2\/pages"}],"about":[{"href":"https:\/\/tinkavalerie-styling.com\/da\/wp-json\/wp\/v2\/types\/page"}],"author":[{"embeddable":true,"href":"https:\/\/tinkavalerie-styling.com\/da\/wp-json\/wp\/v2\/users\/1"}],"replies":[{"embeddable":true,"href":"https:\/\/tinkavalerie-styling.com\/da\/wp-json\/wp\/v2\/comments?post=2028"}],"version-history":[{"count":1,"href":"https:\/\/tinkavalerie-styling.com\/da\/wp-json\/wp\/v2\/pages\/2028\/revisions"}],"predecessor-version":[{"id":2029,"href":"https:\/\/tinkavalerie-styling.com\/da\/wp-json\/wp\/v2\/pages\/2028\/revisions\/2029"}],"wp:attachment":[{"href":"https:\/\/tinkavalerie-styling.com\/da\/wp-json\/wp\/v2\/media?parent=2028"}],"curies":[{"name":"wp","href":"https:\/\/api.w.org\/{rel}","templated":true}]}}